{"id":1223,"date":"2019-11-27T10:59:21","date_gmt":"2019-11-27T09:59:21","guid":{"rendered":"https:\/\/direktvompuur.ch\/?page_id=1223"},"modified":"2026-03-04T09:44:05","modified_gmt":"2026-03-04T08:44:05","slug":"__trashed-3__trashed","status":"publish","type":"page","link":"https:\/\/direktvompuur.ch\/","title":{"rendered":"Startseite"},"content":{"rendered":"\t\t<div data-elementor-type=\"wp-post\" data-elementor-id=\"1223\" class=\"elementor elementor-1223\">\n\t\t\t\t\t\t<section class=\"elementor-section elementor-top-section elementor-element elementor-element-8619fb9 elementor-section-full_width elementor-section-content-middle elementor-section-height-default elementor-section-height-default\" data-id=\"8619fb9\" data-element_type=\"section\" data-settings=\"{&quot;background_background&quot;:&quot;classic&quot;}\">\n\t\t\t\t\t\t<div class=\"elementor-container elementor-column-gap-default\">\n\t\t\t\t\t<div class=\"elementor-column elementor-col-100 elementor-top-column elementor-element elementor-element-be801a4\" data-id=\"be801a4\" data-element_type=\"column\">\n\t\t\t<div class=\"elementor-widget-wrap elementor-element-populated\">\n\t\t\t\t\t\t<div class=\"elementor-element elementor-element-05d1ab7 elementor-widget elementor-widget-image\" data-id=\"05d1ab7\" data-element_type=\"widget\" data-widget_type=\"image.default\">\n\t\t\t\t<div class=\"elementor-widget-container\">\n\t\t\t\t\t\t\t\t\t\t\t\t\t\t\t<img fetchpriority=\"high\" decoding=\"async\" width=\"612\" height=\"96\" src=\"https:\/\/direktvompuur.ch\/wp-content\/uploads\/2019\/01\/Logo_dvp_2.png\" class=\"attachment-large size-large wp-image-458\" alt=\"\" srcset=\"https:\/\/direktvompuur.ch\/wp-content\/uploads\/2019\/01\/Logo_dvp_2.png 612w, https:\/\/direktvompuur.ch\/wp-content\/uploads\/2019\/01\/Logo_dvp_2-300x47.png 300w\" sizes=\"(max-width: 612px) 100vw, 612px\" \/>\t\t\t\t\t\t\t\t\t\t\t\t\t\t\t<\/div>\n\t\t\t\t<\/div>\n\t\t\t\t<div class=\"elementor-element elementor-element-876bf13 elementor-nav-menu__align-center elementor-nav-menu--dropdown-mobile elementor-nav-menu__text-align-center elementor-nav-menu--toggle elementor-nav-menu--burger elementor-widget elementor-widget-nav-menu\" data-id=\"876bf13\" data-element_type=\"widget\" data-settings=\"{&quot;_animation_mobile&quot;:&quot;none&quot;,&quot;submenu_icon&quot;:{&quot;value&quot;:&quot;&lt;i class=\\&quot;fas fa-angle-down\\&quot;&gt;&lt;\\\/i&gt;&quot;,&quot;library&quot;:&quot;fa-solid&quot;},&quot;layout&quot;:&quot;horizontal&quot;,&quot;toggle&quot;:&quot;burger&quot;}\" data-widget_type=\"nav-menu.default\">\n\t\t\t\t<div class=\"elementor-widget-container\">\n\t\t\t\t\t\t\t\t<nav class=\"elementor-nav-menu--main elementor-nav-menu__container elementor-nav-menu--layout-horizontal e--pointer-text e--animation-grow\">\n\t\t\t\t<ul id=\"menu-1-876bf13\" class=\"elementor-nav-menu\"><li class=\"menu-item menu-item-type-post_type menu-item-object-page menu-item-home menu-item-1258\"><a href=\"https:\/\/direktvompuur.ch\/\" class=\"elementor-item\">Startseite<\/a><\/li>\n<li class=\"menu-item menu-item-type-post_type menu-item-object-page menu-item-818\"><a href=\"https:\/\/direktvompuur.ch\/index.php\/kontakt\/\" class=\"elementor-item\">Kontakt<\/a><\/li>\n<li class=\"menu-item menu-item-type-post_type menu-item-object-post menu-item-112\"><a href=\"https:\/\/direktvompuur.ch\/index.php\/gemuese-abo\/\" class=\"elementor-item\">Gem\u00fcse-Abo<\/a><\/li>\n<li class=\"menu-item menu-item-type-post_type menu-item-object-page menu-item-1003\"><a href=\"https:\/\/direktvompuur.ch\/index.php\/pestizidfreie-landwirtschaft\/\" class=\"elementor-item\">Betriebseinblick<\/a><\/li>\n<li class=\"menu-item menu-item-type-post_type menu-item-object-page menu-item-843\"><a href=\"https:\/\/direktvompuur.ch\/index.php\/bildergalerie\/\" class=\"elementor-item\">Bilder vom Hof<\/a><\/li>\n<li class=\"menu-item menu-item-type-post_type menu-item-object-page menu-item-1510\"><a href=\"https:\/\/direktvompuur.ch\/index.php\/videos-vom-hof\/\" class=\"elementor-item\">Videos vom Hof<\/a><\/li>\n<li class=\"menu-item menu-item-type-post_type menu-item-object-page menu-item-2010\"><a href=\"https:\/\/direktvompuur.ch\/index.php\/einkaufen-bei-uns\/\" class=\"elementor-item\">Einkaufen bei uns<\/a><\/li>\n<\/ul>\t\t\t<\/nav>\n\t\t\t\t\t<div class=\"elementor-menu-toggle\" role=\"button\" tabindex=\"0\" aria-label=\"Menu Toggle\" aria-expanded=\"false\">\n\t\t\t<i aria-hidden=\"true\" role=\"presentation\" class=\"elementor-menu-toggle__icon--open eicon-menu-bar\"><\/i><i aria-hidden=\"true\" role=\"presentation\" class=\"elementor-menu-toggle__icon--close eicon-close\"><\/i>\t\t\t<span class=\"elementor-screen-only\">Men\u00fc<\/span>\n\t\t<\/div>\n\t\t\t\t\t<nav class=\"elementor-nav-menu--dropdown elementor-nav-menu__container\" aria-hidden=\"true\">\n\t\t\t\t<ul id=\"menu-2-876bf13\" class=\"elementor-nav-menu\"><li class=\"menu-item menu-item-type-post_type menu-item-object-page menu-item-home menu-item-1258\"><a href=\"https:\/\/direktvompuur.ch\/\" class=\"elementor-item\" tabindex=\"-1\">Startseite<\/a><\/li>\n<li class=\"menu-item menu-item-type-post_type menu-item-object-page menu-item-818\"><a href=\"https:\/\/direktvompuur.ch\/index.php\/kontakt\/\" class=\"elementor-item\" tabindex=\"-1\">Kontakt<\/a><\/li>\n<li class=\"menu-item menu-item-type-post_type menu-item-object-post menu-item-112\"><a href=\"https:\/\/direktvompuur.ch\/index.php\/gemuese-abo\/\" class=\"elementor-item\" tabindex=\"-1\">Gem\u00fcse-Abo<\/a><\/li>\n<li class=\"menu-item menu-item-type-post_type menu-item-object-page menu-item-1003\"><a href=\"https:\/\/direktvompuur.ch\/index.php\/pestizidfreie-landwirtschaft\/\" class=\"elementor-item\" tabindex=\"-1\">Betriebseinblick<\/a><\/li>\n<li class=\"menu-item menu-item-type-post_type menu-item-object-page menu-item-843\"><a href=\"https:\/\/direktvompuur.ch\/index.php\/bildergalerie\/\" class=\"elementor-item\" tabindex=\"-1\">Bilder vom Hof<\/a><\/li>\n<li class=\"menu-item menu-item-type-post_type menu-item-object-page menu-item-1510\"><a href=\"https:\/\/direktvompuur.ch\/index.php\/videos-vom-hof\/\" class=\"elementor-item\" tabindex=\"-1\">Videos vom Hof<\/a><\/li>\n<li class=\"menu-item menu-item-type-post_type menu-item-object-page menu-item-2010\"><a href=\"https:\/\/direktvompuur.ch\/index.php\/einkaufen-bei-uns\/\" class=\"elementor-item\" tabindex=\"-1\">Einkaufen bei uns<\/a><\/li>\n<\/ul>\t\t\t<\/nav>\n\t\t\t\t\t\t<\/div>\n\t\t\t\t<\/div>\n\t\t\t\t<div class=\"elementor-element elementor-element-ea8a5e6 elementor-widget elementor-widget-image\" data-id=\"ea8a5e6\" data-element_type=\"widget\" data-widget_type=\"image.default\">\n\t\t\t\t<div class=\"elementor-widget-container\">\n\t\t\t\t\t\t\t\t\t\t\t\t\t\t\t<img decoding=\"async\" width=\"305\" height=\"269\" src=\"https:\/\/direktvompuur.ch\/wp-content\/uploads\/2020\/09\/BBB.png\" class=\"attachment-full size-full wp-image-1521\" alt=\"\" srcset=\"https:\/\/direktvompuur.ch\/wp-content\/uploads\/2020\/09\/BBB.png 305w, https:\/\/direktvompuur.ch\/wp-content\/uploads\/2020\/09\/BBB-300x265.png 300w\" sizes=\"(max-width: 305px) 100vw, 305px\" \/>\t\t\t\t\t\t\t\t\t\t\t\t\t\t\t<\/div>\n\t\t\t\t<\/div>\n\t\t\t\t\t<\/div>\n\t\t<\/div>\n\t\t\t\t\t<\/div>\n\t\t<\/section>\n\t\t\t\t<section class=\"elementor-section elementor-top-section elementor-element elementor-element-d9694db elementor-section-boxed elementor-section-height-default elementor-section-height-default\" data-id=\"d9694db\" data-element_type=\"section\" data-settings=\"{&quot;background_background&quot;:&quot;classic&quot;}\">\n\t\t\t\t\t\t<div class=\"elementor-container elementor-column-gap-default\">\n\t\t\t\t\t<div class=\"elementor-column elementor-col-100 elementor-top-column elementor-element elementor-element-466e9e8\" data-id=\"466e9e8\" data-element_type=\"column\">\n\t\t\t<div class=\"elementor-widget-wrap elementor-element-populated\">\n\t\t\t\t\t\t<div class=\"elementor-element elementor-element-25766b7 elementor-widget elementor-widget-text-editor\" data-id=\"25766b7\" data-element_type=\"widget\" data-widget_type=\"text-editor.default\">\n\t\t\t\t<div class=\"elementor-widget-container\">\n\t\t\t\t\t\t\t\t\t<article class=\"text-token-text-primary w-full focus:outline-none [--shadow-height:45px] has-data-writing-block:pointer-events-none has-data-writing-block:-mt-(--shadow-height) has-data-writing-block:pt-(--shadow-height) [&amp;:has([data-writing-block])&gt;*]:pointer-events-auto scroll-mt-[calc(var(--header-height)+min(200px,max(70px,20svh)))]\" dir=\"auto\" tabindex=\"-1\" data-turn-id=\"request-WEB:b7319f63-b7ab-4aa5-9a49-f9d1bcf67b3f-0\" data-testid=\"conversation-turn-2\" data-scroll-anchor=\"true\" data-turn=\"assistant\"><div class=\"text-base my-auto mx-auto pb-10 [--thread-content-margin:--spacing(4)] @w-sm\/main:[--thread-content-margin:--spacing(6)] @w-lg\/main:[--thread-content-margin:--spacing(16)] px-(--thread-content-margin)\"><div class=\"[--thread-content-max-width:40rem] @w-lg\/main:[--thread-content-max-width:48rem] mx-auto max-w-(--thread-content-max-width) flex-1 group\/turn-messages focus-visible:outline-hidden relative flex w-full min-w-0 flex-col agent-turn\" tabindex=\"-1\"><div class=\"flex max-w-full flex-col grow\"><div class=\"min-h-8 text-message relative flex w-full flex-col items-end gap-2 text-start break-words whitespace-normal [.text-message+&amp;]:mt-1\" dir=\"auto\" data-message-author-role=\"assistant\" data-message-id=\"2fe71260-b4e7-4ffa-a1e3-96ae3fd0911c\" data-message-model-slug=\"gpt-5-2\"><div class=\"flex w-full flex-col gap-1 empty:hidden first:pt-[1px]\"><div class=\"markdown prose dark:prose-invert w-full wrap-break-word light markdown-new-styling\"><h3 data-start=\"0\" data-end=\"72\">Willkommen auf der Homepage von <strong data-start=\"32\" data-end=\"55\">Stuckis Hofprodukte<\/strong> in Oberwil! \ud83c\udf3f<\/h3><h3 data-start=\"74\" data-end=\"246\">Wir produzieren <strong data-start=\"90\" data-end=\"169\">frisches Gem\u00fcse, aromatische Fr\u00fcchte und feine Beeren \u2013 ganz ohne Pestizide<\/strong>.<br data-start=\"170\" data-end=\"173\" \/>Nat\u00fcrlichkeit, Qualit\u00e4t und Regionalit\u00e4t stehen bei uns an erster Stelle.<\/h3><h3 data-start=\"248\" data-end=\"414\">Es freut uns sehr, dass Sie uns besuchen und sich f\u00fcr unsere Hofprodukte interessieren.<br data-start=\"335\" data-end=\"338\" \/>Schauen Sie sich gerne um und entdecken Sie unser saisonales Angebot! \ud83c\udf53\ud83e\udd55\ud83c\udf4e<\/h3><\/div><\/div><\/div><\/div><\/div><\/div><\/article>\t\t\t\t\t\t\t\t<\/div>\n\t\t\t\t<\/div>\n\t\t\t\t<div class=\"elementor-element elementor-element-7594062 elementor-widget elementor-widget-spacer\" data-id=\"7594062\" data-element_type=\"widget\" data-widget_type=\"spacer.default\">\n\t\t\t\t<div class=\"elementor-widget-container\">\n\t\t\t\t\t\t\t<div class=\"elementor-spacer\">\n\t\t\t<div class=\"elementor-spacer-inner\"><\/div>\n\t\t<\/div>\n\t\t\t\t\t\t<\/div>\n\t\t\t\t<\/div>\n\t\t\t\t<div class=\"elementor-element elementor-element-c4ed1b0 elementor-widget elementor-widget-image\" data-id=\"c4ed1b0\" data-element_type=\"widget\" data-widget_type=\"image.default\">\n\t\t\t\t<div class=\"elementor-widget-container\">\n\t\t\t\t\t\t\t\t\t\t\t\t\t\t\t<img decoding=\"async\" width=\"800\" height=\"534\" src=\"https:\/\/direktvompuur.ch\/wp-content\/uploads\/2026\/03\/5J8A2787-huehner-1024x683.jpg\" class=\"attachment-large size-large wp-image-2155\" alt=\"\" srcset=\"https:\/\/direktvompuur.ch\/wp-content\/uploads\/2026\/03\/5J8A2787-huehner-1024x683.jpg 1024w, https:\/\/direktvompuur.ch\/wp-content\/uploads\/2026\/03\/5J8A2787-huehner-300x200.jpg 300w, https:\/\/direktvompuur.ch\/wp-content\/uploads\/2026\/03\/5J8A2787-huehner-768x512.jpg 768w, https:\/\/direktvompuur.ch\/wp-content\/uploads\/2026\/03\/5J8A2787-huehner-1536x1024.jpg 1536w, https:\/\/direktvompuur.ch\/wp-content\/uploads\/2026\/03\/5J8A2787-huehner-2048x1365.jpg 2048w\" sizes=\"(max-width: 800px) 100vw, 800px\" \/>\t\t\t\t\t\t\t\t\t\t\t\t\t\t\t<\/div>\n\t\t\t\t<\/div>\n\t\t\t\t\t<\/div>\n\t\t<\/div>\n\t\t\t\t\t<\/div>\n\t\t<\/section>\n\t\t\t\t<\/div>\n\t\t","protected":false},"excerpt":{"rendered":"<p>Willkommen auf der Homepage von Stuckis Hofprodukte in Oberwil! ???? Wir produzieren frisches Gem\u00fcse, aromatische Fr\u00fcchte und feine Beeren \u2013 ganz ohne Pestizide.Nat\u00fcrlichkeit, Qualit\u00e4t und Regionalit\u00e4t stehen bei uns an erster Stelle. Es freut uns sehr, dass Sie uns besuchen und sich f\u00fcr unsere Hofprodukte interessieren.Schauen Sie sich gerne um und entdecken Sie unser saisonales [&hellip;]<\/p>\n","protected":false},"author":7,"featured_media":0,"parent":0,"menu_order":1,"comment_status":"closed","ping_status":"closed","template":"elementor_canvas","meta":{"footnotes":""},"_links":{"self":[{"href":"https:\/\/direktvompuur.ch\/index.php\/wp-json\/wp\/v2\/pages\/1223"}],"collection":[{"href":"https:\/\/direktvompuur.ch\/index.php\/wp-json\/wp\/v2\/pages"}],"about":[{"href":"https:\/\/direktvompuur.ch\/index.php\/wp-json\/wp\/v2\/types\/page"}],"author":[{"embeddable":true,"href":"https:\/\/direktvompuur.ch\/index.php\/wp-json\/wp\/v2\/users\/7"}],"replies":[{"embeddable":true,"href":"https:\/\/direktvompuur.ch\/index.php\/wp-json\/wp\/v2\/comments?post=1223"}],"version-history":[{"count":209,"href":"https:\/\/direktvompuur.ch\/index.php\/wp-json\/wp\/v2\/pages\/1223\/revisions"}],"predecessor-version":[{"id":2170,"href":"https:\/\/direktvompuur.ch\/index.php\/wp-json\/wp\/v2\/pages\/1223\/revisions\/2170"}],"wp:attachment":[{"href":"https:\/\/direktvompuur.ch\/index.php\/wp-json\/wp\/v2\/media?parent=1223"}],"curies":[{"name":"wp","href":"https:\/\/api.w.org\/{rel}","templated":true}]}}