{"id":2008,"date":"2024-10-17T09:35:44","date_gmt":"2024-10-17T07:35:44","guid":{"rendered":"https:\/\/direktvompuur.ch\/?page_id=2008"},"modified":"2024-10-31T09:32:11","modified_gmt":"2024-10-31T08:32:11","slug":"einkaufen-bei-uns","status":"publish","type":"page","link":"https:\/\/direktvompuur.ch\/index.php\/einkaufen-bei-uns\/","title":{"rendered":"Einkaufen bei uns"},"content":{"rendered":"\t\t<div data-elementor-type=\"wp-post\" data-elementor-id=\"2008\" class=\"elementor elementor-2008\">\n\t\t\t\t\t\t<section class=\"elementor-section elementor-top-section elementor-element elementor-element-8619fb9 elementor-section-full_width elementor-section-content-middle elementor-section-height-default elementor-section-height-default\" data-id=\"8619fb9\" data-element_type=\"section\" data-settings=\"{&quot;background_background&quot;:&quot;classic&quot;}\">\n\t\t\t\t\t\t<div class=\"elementor-container elementor-column-gap-default\">\n\t\t\t\t\t<div class=\"elementor-column elementor-col-100 elementor-top-column elementor-element elementor-element-be801a4\" data-id=\"be801a4\" data-element_type=\"column\">\n\t\t\t<div class=\"elementor-widget-wrap elementor-element-populated\">\n\t\t\t\t\t\t<div class=\"elementor-element elementor-element-05d1ab7 elementor-widget elementor-widget-image\" data-id=\"05d1ab7\" data-element_type=\"widget\" data-widget_type=\"image.default\">\n\t\t\t\t<div class=\"elementor-widget-container\">\n\t\t\t\t\t\t\t\t\t\t\t\t\t\t\t<img fetchpriority=\"high\" decoding=\"async\" width=\"612\" height=\"96\" src=\"https:\/\/direktvompuur.ch\/wp-content\/uploads\/2019\/01\/Logo_dvp_2.png\" class=\"attachment-large size-large wp-image-458\" alt=\"\" srcset=\"https:\/\/direktvompuur.ch\/wp-content\/uploads\/2019\/01\/Logo_dvp_2.png 612w, https:\/\/direktvompuur.ch\/wp-content\/uploads\/2019\/01\/Logo_dvp_2-300x47.png 300w\" sizes=\"(max-width: 612px) 100vw, 612px\" \/>\t\t\t\t\t\t\t\t\t\t\t\t\t\t\t<\/div>\n\t\t\t\t<\/div>\n\t\t\t\t<div class=\"elementor-element elementor-element-876bf13 elementor-nav-menu__align-center elementor-nav-menu--dropdown-none elementor-widget elementor-widget-nav-menu\" data-id=\"876bf13\" data-element_type=\"widget\" data-settings=\"{&quot;_animation_mobile&quot;:&quot;none&quot;,&quot;submenu_icon&quot;:{&quot;value&quot;:&quot;&lt;i class=\\&quot;fas fa-angle-down\\&quot;&gt;&lt;\\\/i&gt;&quot;,&quot;library&quot;:&quot;fa-solid&quot;},&quot;layout&quot;:&quot;horizontal&quot;}\" data-widget_type=\"nav-menu.default\">\n\t\t\t\t<div class=\"elementor-widget-container\">\n\t\t\t\t\t\t\t\t<nav class=\"elementor-nav-menu--main elementor-nav-menu__container elementor-nav-menu--layout-horizontal e--pointer-text e--animation-grow\">\n\t\t\t\t<ul id=\"menu-1-876bf13\" class=\"elementor-nav-menu\"><li class=\"menu-item menu-item-type-post_type menu-item-object-page menu-item-home menu-item-1258\"><a href=\"https:\/\/direktvompuur.ch\/\" class=\"elementor-item\">Startseite<\/a><\/li>\n<li class=\"menu-item menu-item-type-post_type menu-item-object-page menu-item-818\"><a href=\"https:\/\/direktvompuur.ch\/index.php\/kontakt\/\" class=\"elementor-item\">Kontakt<\/a><\/li>\n<li class=\"menu-item menu-item-type-post_type menu-item-object-post menu-item-112\"><a href=\"https:\/\/direktvompuur.ch\/index.php\/gemuese-abo\/\" class=\"elementor-item\">Gem\u00fcse-Abo<\/a><\/li>\n<li class=\"menu-item menu-item-type-post_type menu-item-object-page menu-item-1003\"><a href=\"https:\/\/direktvompuur.ch\/index.php\/pestizidfreie-landwirtschaft\/\" class=\"elementor-item\">Betriebseinblick<\/a><\/li>\n<li class=\"menu-item menu-item-type-post_type menu-item-object-page menu-item-843\"><a href=\"https:\/\/direktvompuur.ch\/index.php\/bildergalerie\/\" class=\"elementor-item\">Bilder vom Hof<\/a><\/li>\n<li class=\"menu-item menu-item-type-post_type menu-item-object-page menu-item-1510\"><a href=\"https:\/\/direktvompuur.ch\/index.php\/videos-vom-hof\/\" class=\"elementor-item\">Videos vom Hof<\/a><\/li>\n<li class=\"menu-item menu-item-type-post_type menu-item-object-page menu-item-2010\"><a href=\"https:\/\/direktvompuur.ch\/index.php\/einkaufen-bei-uns\/\" class=\"elementor-item\">Einkaufen bei uns<\/a><\/li>\n<\/ul>\t\t\t<\/nav>\n\t\t\t\t\t\t<nav class=\"elementor-nav-menu--dropdown elementor-nav-menu__container\" aria-hidden=\"true\">\n\t\t\t\t<ul id=\"menu-2-876bf13\" class=\"elementor-nav-menu\"><li class=\"menu-item menu-item-type-post_type menu-item-object-page menu-item-home menu-item-1258\"><a href=\"https:\/\/direktvompuur.ch\/\" class=\"elementor-item\" tabindex=\"-1\">Startseite<\/a><\/li>\n<li class=\"menu-item menu-item-type-post_type menu-item-object-page menu-item-818\"><a href=\"https:\/\/direktvompuur.ch\/index.php\/kontakt\/\" class=\"elementor-item\" tabindex=\"-1\">Kontakt<\/a><\/li>\n<li class=\"menu-item menu-item-type-post_type menu-item-object-post menu-item-112\"><a href=\"https:\/\/direktvompuur.ch\/index.php\/gemuese-abo\/\" class=\"elementor-item\" tabindex=\"-1\">Gem\u00fcse-Abo<\/a><\/li>\n<li class=\"menu-item menu-item-type-post_type menu-item-object-page menu-item-1003\"><a href=\"https:\/\/direktvompuur.ch\/index.php\/pestizidfreie-landwirtschaft\/\" class=\"elementor-item\" tabindex=\"-1\">Betriebseinblick<\/a><\/li>\n<li class=\"menu-item menu-item-type-post_type menu-item-object-page menu-item-843\"><a href=\"https:\/\/direktvompuur.ch\/index.php\/bildergalerie\/\" class=\"elementor-item\" tabindex=\"-1\">Bilder vom Hof<\/a><\/li>\n<li class=\"menu-item menu-item-type-post_type menu-item-object-page menu-item-1510\"><a href=\"https:\/\/direktvompuur.ch\/index.php\/videos-vom-hof\/\" class=\"elementor-item\" tabindex=\"-1\">Videos vom Hof<\/a><\/li>\n<li class=\"menu-item menu-item-type-post_type menu-item-object-page menu-item-2010\"><a href=\"https:\/\/direktvompuur.ch\/index.php\/einkaufen-bei-uns\/\" class=\"elementor-item\" tabindex=\"-1\">Einkaufen bei uns<\/a><\/li>\n<\/ul>\t\t\t<\/nav>\n\t\t\t\t\t\t<\/div>\n\t\t\t\t<\/div>\n\t\t\t\t\t<\/div>\n\t\t<\/div>\n\t\t\t\t\t<\/div>\n\t\t<\/section>\n\t\t\t\t<section class=\"elementor-section elementor-top-section elementor-element elementor-element-bcae26f elementor-section-boxed elementor-section-height-default elementor-section-height-default\" data-id=\"bcae26f\" data-element_type=\"section\">\n\t\t\t\t\t\t<div class=\"elementor-container elementor-column-gap-default\">\n\t\t\t\t\t<div class=\"elementor-column elementor-col-100 elementor-top-column elementor-element elementor-element-d15cfd0\" data-id=\"d15cfd0\" data-element_type=\"column\">\n\t\t\t<div class=\"elementor-widget-wrap elementor-element-populated\">\n\t\t\t\t\t\t<div class=\"elementor-element elementor-element-e830f30 elementor-widget elementor-widget-text-editor\" data-id=\"e830f30\" data-element_type=\"widget\" data-widget_type=\"text-editor.default\">\n\t\t\t\t<div class=\"elementor-widget-container\">\n\t\t\t\t\t\t\t\t\t<p data-pm-slice=\"1 1 []\"><span style=\"color: #000000;\">Wir verkaufen unsere Hofprodukte an unserem bedienten Marktstand bei der alten Milchh\u00fctte.<\/span><\/p><p data-pm-slice=\"1 1 []\"><span style=\"color: rgb(0, 0, 0); font-family: var( --e-global-typography-text-font-family ), Robot;\">Die \u00d6ffnungszeiten sind wie folgt:<\/span><br><\/p>\n<p data-pm-slice=\"1 1 []\"><span style=\"color: #000000;\">Dienstag 17.00 Uhr &#8211; 18.30 Uhr <\/span><\/p>\n<p data-pm-slice=\"1 1 []\"><span style=\"color: #000000;\">Freitag&nbsp; &nbsp; 17.00 Uhr &#8211; 18.30 Uhr<\/span><\/p>\n<p data-pm-slice=\"1 1 []\"><span style=\"color: #000000;\"> Wir freuen uns \u00fcber jeden Besuch!<\/span><\/p>\t\t\t\t\t\t\t\t<\/div>\n\t\t\t\t<\/div>\n\t\t\t\t\t<\/div>\n\t\t<\/div>\n\t\t\t\t\t<\/div>\n\t\t<\/section>\n\t\t\t\t<section class=\"elementor-section elementor-top-section elementor-element elementor-element-c480438 elementor-section-boxed elementor-section-height-default elementor-section-height-default\" data-id=\"c480438\" data-element_type=\"section\">\n\t\t\t\t\t\t<div class=\"elementor-container elementor-column-gap-default\">\n\t\t\t\t\t<div class=\"elementor-column elementor-col-100 elementor-top-column elementor-element elementor-element-c12ed0f\" data-id=\"c12ed0f\" data-element_type=\"column\">\n\t\t\t<div class=\"elementor-widget-wrap elementor-element-populated\">\n\t\t\t\t\t\t<div class=\"elementor-element elementor-element-87164b0 elementor-widget elementor-widget-text-editor\" data-id=\"87164b0\" data-element_type=\"widget\" data-widget_type=\"text-editor.default\">\n\t\t\t\t<div class=\"elementor-widget-container\">\n\t\t\t\t\t\t\t\t\t<p data-pm-slice=\"1 1 []\"><span style=\"color: #000000;\">Standort Marktstand bei der alten Milchh\u00fctte:<\/span><\/p><p data-pm-slice=\"1 1 []\"><span style=\"color: #000000;\">Oberwilerstrasse 8, 8471 Oberwil D\u00e4gerlen<\/span><\/p>\t\t\t\t\t\t\t\t<\/div>\n\t\t\t\t<\/div>\n\t\t\t\t\t<\/div>\n\t\t<\/div>\n\t\t\t\t\t<\/div>\n\t\t<\/section>\n\t\t\t\t<section class=\"elementor-section elementor-top-section elementor-element elementor-element-5ff2b7d elementor-section-boxed elementor-section-height-default elementor-section-height-default\" data-id=\"5ff2b7d\" data-element_type=\"section\">\n\t\t\t\t\t\t<div class=\"elementor-container elementor-column-gap-default\">\n\t\t\t\t\t<div class=\"elementor-column elementor-col-100 elementor-top-column elementor-element elementor-element-18caf48\" data-id=\"18caf48\" data-element_type=\"column\">\n\t\t\t<div class=\"elementor-widget-wrap elementor-element-populated\">\n\t\t\t\t\t\t<div class=\"elementor-element elementor-element-fd0fbe2 elementor-widget elementor-widget-html\" data-id=\"fd0fbe2\" data-element_type=\"widget\" data-widget_type=\"html.default\">\n\t\t\t\t<div class=\"elementor-widget-container\">\n\t\t\t\t\t<iframe src=\"https:\/\/www.google.com\/maps\/embed?pb=!1m18!1m12!1m3!1d3308.336280198518!2d8.71427667696664!3d47.57697477118725!2m3!1f0!2f0!3f0!3m2!1i1024!2i768!4f13.1!3m3!1m2!1s0x479a9b44f2b94279%3A0x4e6c166ef7b7d3b8!2sOberwilerstrasse%208%2C%208471%20Oberwil!5e1!3m2!1sde!2sch!4v1727947221554!5m2!1sde!2sch\" width=\"600\" height=\"450\" style=\"border:0;\" allowfullscreen=\"\" loading=\"lazy\" referrerpolicy=\"no-referrer-when-downgrade\"><\/iframe>\t\t\t\t<\/div>\n\t\t\t\t<\/div>\n\t\t\t\t<div class=\"elementor-element elementor-element-b1e293b elementor-widget elementor-widget-image\" data-id=\"b1e293b\" data-element_type=\"widget\" data-widget_type=\"image.default\">\n\t\t\t\t<div class=\"elementor-widget-container\">\n\t\t\t\t\t\t\t\t\t\t\t\t\t\t\t<img decoding=\"async\" width=\"2560\" height=\"1920\" src=\"https:\/\/direktvompuur.ch\/wp-content\/uploads\/2024\/10\/Markstand-scaled.jpg\" class=\"attachment-full size-full wp-image-1956\" alt=\"\" srcset=\"https:\/\/direktvompuur.ch\/wp-content\/uploads\/2024\/10\/Markstand-scaled.jpg 2560w, https:\/\/direktvompuur.ch\/wp-content\/uploads\/2024\/10\/Markstand-300x225.jpg 300w, https:\/\/direktvompuur.ch\/wp-content\/uploads\/2024\/10\/Markstand-1024x768.jpg 1024w, https:\/\/direktvompuur.ch\/wp-content\/uploads\/2024\/10\/Markstand-768x576.jpg 768w, https:\/\/direktvompuur.ch\/wp-content\/uploads\/2024\/10\/Markstand-1536x1152.jpg 1536w, https:\/\/direktvompuur.ch\/wp-content\/uploads\/2024\/10\/Markstand-2048x1536.jpg 2048w\" sizes=\"(max-width: 2560px) 100vw, 2560px\" \/>\t\t\t\t\t\t\t\t\t\t\t\t\t\t\t<\/div>\n\t\t\t\t<\/div>\n\t\t\t\t\t<\/div>\n\t\t<\/div>\n\t\t\t\t\t<\/div>\n\t\t<\/section>\n\t\t\t\t<section class=\"elementor-section elementor-top-section elementor-element elementor-element-8eff8d5 elementor-section-boxed elementor-section-height-default elementor-section-height-default\" data-id=\"8eff8d5\" data-element_type=\"section\">\n\t\t\t\t\t\t<div class=\"elementor-container elementor-column-gap-default\">\n\t\t\t\t\t<div class=\"elementor-column elementor-col-100 elementor-top-column elementor-element elementor-element-8173f9d\" data-id=\"8173f9d\" data-element_type=\"column\">\n\t\t\t<div class=\"elementor-widget-wrap\">\n\t\t\t\t\t\t\t<\/div>\n\t\t<\/div>\n\t\t\t\t\t<\/div>\n\t\t<\/section>\n\t\t\t\t<\/div>\n\t\t","protected":false},"excerpt":{"rendered":"<p>Wir verkaufen unsere Hofprodukte an unserem bedienten Marktstand bei der alten Milchh\u00fctte. Die \u00d6ffnungszeiten sind wie folgt: Dienstag 17.00 Uhr &#8211; 18.30 Uhr Freitag&nbsp; &nbsp; 17.00 Uhr &#8211; 18.30 Uhr Wir freuen uns \u00fcber jeden Besuch! Standort Marktstand bei der alten Milchh\u00fctte: Oberwilerstrasse 8, 8471 Oberwil D\u00e4gerlen<\/p>\n","protected":false},"author":7,"featured_media":0,"parent":0,"menu_order":1,"comment_status":"closed","ping_status":"closed","template":"elementor_canvas","meta":{"footnotes":""},"_links":{"self":[{"href":"https:\/\/direktvompuur.ch\/index.php\/wp-json\/wp\/v2\/pages\/2008"}],"collection":[{"href":"https:\/\/direktvompuur.ch\/index.php\/wp-json\/wp\/v2\/pages"}],"about":[{"href":"https:\/\/direktvompuur.ch\/index.php\/wp-json\/wp\/v2\/types\/page"}],"author":[{"embeddable":true,"href":"https:\/\/direktvompuur.ch\/index.php\/wp-json\/wp\/v2\/users\/7"}],"replies":[{"embeddable":true,"href":"https:\/\/direktvompuur.ch\/index.php\/wp-json\/wp\/v2\/comments?post=2008"}],"version-history":[{"count":10,"href":"https:\/\/direktvompuur.ch\/index.php\/wp-json\/wp\/v2\/pages\/2008\/revisions"}],"predecessor-version":[{"id":2091,"href":"https:\/\/direktvompuur.ch\/index.php\/wp-json\/wp\/v2\/pages\/2008\/revisions\/2091"}],"wp:attachment":[{"href":"https:\/\/direktvompuur.ch\/index.php\/wp-json\/wp\/v2\/media?parent=2008"}],"curies":[{"name":"wp","href":"https:\/\/api.w.org\/{rel}","templated":true}]}}